{"id":18,"date":"2024-12-21T21:05:59","date_gmt":"2024-12-21T21:05:59","guid":{"rendered":"https:\/\/isrcareers.com\/?page_id=18"},"modified":"2026-04-22T20:17:54","modified_gmt":"2026-04-22T20:17:54","slug":"training-details","status":"publish","type":"page","link":"http:\/\/isrcareers.com\/es\/training-details\/","title":{"rendered":"Detalles del Entrenamiento"},"content":{"rendered":"<div data-elementor-type=\"wp-page\" data-elementor-id=\"18\" class=\"elementor elementor-18\">\n\t\t\t\t<div class=\"elementor-element elementor-element-78db5e83 e-flex e-con-boxed e-con e-parent\" data-id=\"78db5e83\" data-element_type=\"container\" data-e-type=\"container\" data-settings=\"{&quot;background_background&quot;:&quot;classic&quot;}\">\n\t\t\t\t\t<div class=\"e-con-inner\">\n\t\t<div class=\"elementor-element elementor-element-540f340e e-con-full e-flex e-con e-child\" data-id=\"540f340e\" data-element_type=\"container\" data-e-type=\"container\">\n\t\t\t\t<div class=\"elementor-element elementor-element-3b07d9ec elementor-widget elementor-widget-heading\" data-id=\"3b07d9ec\" data-element_type=\"widget\" data-e-type=\"widget\" data-widget_type=\"heading.default\">\n\t\t\t\t<div class=\"elementor-widget-container\">\n\t\t\t\t\t<h2 class=\"elementor-heading-title elementor-size-default\">Change Lives Every Day and Start Your Journey Here<\/h2>\t\t\t\t<\/div>\n\t\t\t\t<\/div>\n\t\t\t\t<\/div>\n\t\t\t\t\t<\/div>\n\t\t\t\t<\/div>\n\t\t<div class=\"elementor-element elementor-element-05b581a e-flex e-con-boxed e-con e-parent\" data-id=\"05b581a\" data-element_type=\"container\" data-e-type=\"container\">\n\t\t\t\t\t<div class=\"e-con-inner\">\n\t\t\t\t<div class=\"elementor-element elementor-element-79db5bf elementor-widget elementor-widget-shortcode\" data-id=\"79db5bf\" data-element_type=\"widget\" data-e-type=\"widget\" data-widget_type=\"shortcode.default\">\n\t\t\t\t<div class=\"elementor-widget-container\">\n\t\t\t\t\t\t\t<div class=\"elementor-shortcode\"><nav aria-label=\"breadcrumbs\" class=\"rank-math-breadcrumb\"><p><span class=\"last\">Inicio<\/span><\/p><\/nav>\n<\/div>\n\t\t\t\t\t\t<\/div>\n\t\t\t\t<\/div>\n\t\t\t\t\t<\/div>\n\t\t\t\t<\/div>\n\t\t<div class=\"elementor-element elementor-element-753ce80e e-flex e-con-boxed e-con e-parent\" data-id=\"753ce80e\" data-element_type=\"container\" data-e-type=\"container\">\n\t\t\t\t\t<div class=\"e-con-inner\">\n\t\t<div class=\"elementor-element elementor-element-3f16b321 e-con-full e-flex e-con e-child\" data-id=\"3f16b321\" data-element_type=\"container\" data-e-type=\"container\">\n\t\t\t\t<div class=\"elementor-element elementor-element-1b8af423 elementor-widget elementor-widget-heading\" data-id=\"1b8af423\" data-element_type=\"widget\" data-e-type=\"widget\" data-widget_type=\"heading.default\">\n\t\t\t\t<div class=\"elementor-widget-container\">\n\t\t\t\t\t<h2 class=\"elementor-heading-title elementor-size-default\">Explora una carrera como instructor de ISR.<\/h2>\t\t\t\t<\/div>\n\t\t\t\t<\/div>\n\t\t\t\t<div class=\"elementor-element elementor-element-4cb38e83 elementor-widget elementor-widget-text-editor\" data-id=\"4cb38e83\" data-element_type=\"widget\" data-e-type=\"widget\" data-widget_type=\"text-editor.default\">\n\t\t\t\t<div class=\"elementor-widget-container\">\n\t\t\t\t\t\t\t\t\t<p>El camino para convertirse en un instructor certificado de ISR es el incomparable Programa de Capacitaci\u00f3n para Instructores de ISR, dise\u00f1ado para proporcionarte los conocimientos b\u00e1sicos, est\u00e1ndares de seguridad y habilidades en el agua necesarios para ser un instructor de ISR seguro y efectivo, adem\u00e1s de un propietario de negocio exitoso. Mientras que encontrar\u00e1s muchas empresas que intentar\u00e1n venderte un \"kit de inicio\" o un curso en l\u00ednea para comenzar un nuevo negocio, el programa de ISR te ense\u00f1a una t\u00e9cnica que requiere una combinaci\u00f3n de capacitaci\u00f3n pr\u00e1ctica y trabajo acad\u00e9mico mientras desarrollas verdaderamente las habilidades necesarias para tener \u00e9xito. El Programa de Capacitaci\u00f3n para Instructores de ISR incluye una experiencia integral en el agua durante seis semanas con un Instructor Maestro de ISR.<br \/><br \/>If you\u2019re still learning about the method behind the training, start with\u00a0<a href=\"https:\/\/isrcareers.com\/es\/what-is-isr\/\" target=\"_blank\" rel=\"noopener\">what ISR is<\/a>. If you\u2019re comparing whether this path is right for you professionally, you can also explore the broader\u00a0<a href=\"https:\/\/isrcareers.com\/es\/business-opportunity\/\" target=\"_blank\" rel=\"noopener\">ISR business opportunity<\/a>.<\/p>\t\t\t\t\t\t\t\t<\/div>\n\t\t\t\t<\/div>\n\t\t\t\t<div class=\"elementor-element elementor-element-332ca72b elementor-widget elementor-widget-video\" data-id=\"332ca72b\" data-element_type=\"widget\" data-e-type=\"widget\" data-settings=\"{&quot;video_type&quot;:&quot;vimeo&quot;}\" data-widget_type=\"video.default\">\n\t\t\t\t<div class=\"elementor-widget-container\">\n\t\t\t\t\t\t\t<div class=\"elementor-wrapper elementor-open-inline\">\n\t\t\t<iframe class=\"elementor-video-iframe\" allowfullscreen allow=\"clipboard-write\" title=\"vimeo Video Player\" src=\"https:\/\/player.vimeo.com\/video\/1001313991?color&amp;autopause=0&amp;loop=0&amp;muted=0&amp;title=1&amp;portrait=1&amp;byline=1#t=\"><\/iframe>\t\t<\/div>\n\t\t\t\t\t\t<\/div>\n\t\t\t\t<\/div>\n\t\t\t\t<\/div>\n\t\t\t\t\t<\/div>\n\t\t\t\t<\/div>\n\t\t<div class=\"elementor-element elementor-element-79b38197 e-flex e-con-boxed e-con e-parent\" data-id=\"79b38197\" data-element_type=\"container\" data-e-type=\"container\" data-settings=\"{&quot;background_background&quot;:&quot;classic&quot;}\">\n\t\t\t\t\t<div class=\"e-con-inner\">\n\t\t<div class=\"elementor-element elementor-element-19c6e15e e-con-full e-flex e-con e-child\" data-id=\"19c6e15e\" data-element_type=\"container\" data-e-type=\"container\">\n\t\t\t\t<div class=\"elementor-element elementor-element-d3e00c0 elementor-widget elementor-widget-image\" data-id=\"d3e00c0\" data-element_type=\"widget\" data-e-type=\"widget\" data-widget_type=\"image.default\">\n\t\t\t\t<div class=\"elementor-widget-container\">\n\t\t\t\t\t\t\t\t\t\t\t\t\t\t\t<img fetchpriority=\"high\" decoding=\"async\" width=\"1024\" height=\"683\" src=\"https:\/\/isrcareers.com\/wp-content\/uploads\/2024\/12\/1K1A5288-1024x683.jpg\" class=\"attachment-large size-large wp-image-224\" alt=\"\" srcset=\"https:\/\/isrcareers.com\/wp-content\/uploads\/2024\/12\/1K1A5288-1024x683.jpg 1024w, https:\/\/isrcareers.com\/wp-content\/uploads\/2024\/12\/1K1A5288-300x200.jpg 300w, https:\/\/isrcareers.com\/wp-content\/uploads\/2024\/12\/1K1A5288-768x512.jpg 768w, https:\/\/isrcareers.com\/wp-content\/uploads\/2024\/12\/1K1A5288-1536x1024.jpg 1536w, https:\/\/isrcareers.com\/wp-content\/uploads\/2024\/12\/1K1A5288.jpg 1980w\" sizes=\"(max-width: 1024px) 100vw, 1024px\" \/>\t\t\t\t\t\t\t\t\t\t\t\t\t\t\t<\/div>\n\t\t\t\t<\/div>\n\t\t\t\t<\/div>\n\t\t<div class=\"elementor-element elementor-element-756c32e7 e-con-full e-flex e-con e-child\" data-id=\"756c32e7\" data-element_type=\"container\" data-e-type=\"container\">\n\t\t\t\t<div class=\"elementor-element elementor-element-532cd5b0 elementor-widget elementor-widget-heading\" data-id=\"532cd5b0\" data-element_type=\"widget\" data-e-type=\"widget\" data-widget_type=\"heading.default\">\n\t\t\t\t<div class=\"elementor-widget-container\">\n\t\t\t\t\t<h2 class=\"elementor-heading-title elementor-size-default\">Apoyo Inigualable: Tu Negocio Exitoso<\/h2>\t\t\t\t<\/div>\n\t\t\t\t<\/div>\n\t\t\t\t<div class=\"elementor-element elementor-element-f00ce4d elementor-widget elementor-widget-text-editor\" data-id=\"f00ce4d\" data-element_type=\"widget\" data-e-type=\"widget\" data-widget_type=\"text-editor.default\">\n\t\t\t\t<div class=\"elementor-widget-container\">\n\t\t\t\t\t\t\t\t\t<p>From our humble beginnings in one backyard swimming pool in 1966, to today as the largest provider of individualized survival swimming lessons globally, ISR provides unparalleled support to our team. ISR Instructors are independent contractors who operate their own businesses within their communities while benefiting from not only ISR\u2019s brand recognition and reputation, but a wealth of services from the ISR support teams and business services. Whether it\u2019s consulting with our team of medical professionals about a specific student\u2019s needs, or help utilizing social media to elevate your business\u2019 visibility, ISR has the expertise and team to help.\u00a0Learn how each new ISR business benefits from our decades of experience by exploring the\u00a0<a href=\"https:\/\/isrcareers.com\/es\/business-opportunity\/\" target=\"_blank\" rel=\"noopener\">ISR business opportunity<\/a>.<\/p>\t\t\t\t\t\t\t\t<\/div>\n\t\t\t\t<\/div>\n\t\t\t\t<\/div>\n\t\t\t\t\t<\/div>\n\t\t\t\t<\/div>\n\t\t<div class=\"elementor-element elementor-element-6a09a6fe e-flex e-con-boxed e-con e-parent\" data-id=\"6a09a6fe\" data-element_type=\"container\" data-e-type=\"container\" data-settings=\"{&quot;background_background&quot;:&quot;classic&quot;}\">\n\t\t\t\t\t<div class=\"e-con-inner\">\n\t\t<div class=\"elementor-element elementor-element-2092bee2 e-con-full e-flex e-con e-child\" data-id=\"2092bee2\" data-element_type=\"container\" data-e-type=\"container\">\n\t\t\t\t<div class=\"elementor-element elementor-element-349e2e5b elementor-widget elementor-widget-heading\" data-id=\"349e2e5b\" data-element_type=\"widget\" data-e-type=\"widget\" data-widget_type=\"heading.default\">\n\t\t\t\t<div class=\"elementor-widget-container\">\n\t\t\t\t\t<h2 class=\"elementor-heading-title elementor-size-default\">Comparaci\u00f3n de Programas<\/h2>\t\t\t\t<\/div>\n\t\t\t\t<\/div>\n\t\t\t\t<div class=\"elementor-element elementor-element-4054d8f3 elementor-widget elementor-widget-text-editor\" data-id=\"4054d8f3\" data-element_type=\"widget\" data-e-type=\"widget\" data-widget_type=\"text-editor.default\">\n\t\t\t\t<div class=\"elementor-widget-container\">\n\t\t\t\t\t\t\t\t\t<p>Si has estado pensando en una carrera en el \u00e1mbito acu\u00e1tico, probablemente hayas investigado otros programas y opciones, o est\u00e1s a punto de hacerlo. Sabemos que encontrar\u00e1s que el extenso programa de capacitaci\u00f3n de ISR tambi\u00e9n est\u00e1 disponible a uno de los costos m\u00e1s bajos de la industria. \u00bfC\u00f3mo es posible? En pocas palabras: la trayectoria, el tama\u00f1o y la extraordinaria reputaci\u00f3n de ISR nos permiten mantener el costo de capacitaci\u00f3n comparativamente bajo para que podamos formar al mejor equipo y ayudarnos a alcanzar al pr\u00f3ximo ni\u00f1o antes de que llegue al agua solo. Te animamos a investigar otros programas. Examina su plan de estudios de capacitaci\u00f3n, las pautas de seguridad, los requisitos de recertificaci\u00f3n, el control de calidad, el apoyo continuo, as\u00ed como su historial y el n\u00famero de lecciones que ofrecen cada a\u00f1o. ISR es el nombre m\u00e1s reconocible en la industria que pioneros hace casi 60 a\u00f1os, y sabemos que entender\u00e1s por qu\u00e9.<\/p><p>If you want to see how that training and support translate into real instructor experiences, read our\u00a0<a href=\"https:\/\/isrcareers.com\/es\/isr-stories\/\" target=\"_blank\" rel=\"noopener\">Historias de ISR<\/a>.<\/p>\t\t\t\t\t\t\t\t<\/div>\n\t\t\t\t<\/div>\n\t\t\t\t<\/div>\n\t\t<div class=\"elementor-element elementor-element-16d2c4cf e-con-full e-flex e-con e-child\" data-id=\"16d2c4cf\" data-element_type=\"container\" data-e-type=\"container\">\n\t\t\t\t<div class=\"elementor-element elementor-element-c390c79 elementor-widget elementor-widget-image\" data-id=\"c390c79\" data-element_type=\"widget\" data-e-type=\"widget\" data-widget_type=\"image.default\">\n\t\t\t\t<div class=\"elementor-widget-container\">\n\t\t\t\t\t\t\t\t\t\t\t\t\t\t\t<img decoding=\"async\" width=\"684\" height=\"1024\" src=\"https:\/\/isrcareers.com\/wp-content\/uploads\/2024\/12\/DSC04551-684x1024.jpg\" class=\"attachment-large size-large wp-image-225\" alt=\"\" srcset=\"https:\/\/isrcareers.com\/wp-content\/uploads\/2024\/12\/DSC04551-684x1024.jpg 684w, https:\/\/isrcareers.com\/wp-content\/uploads\/2024\/12\/DSC04551-200x300.jpg 200w, https:\/\/isrcareers.com\/wp-content\/uploads\/2024\/12\/DSC04551-768x1149.jpg 768w, https:\/\/isrcareers.com\/wp-content\/uploads\/2024\/12\/DSC04551-1026x1536.jpg 1026w, https:\/\/isrcareers.com\/wp-content\/uploads\/2024\/12\/DSC04551.jpg 1323w\" sizes=\"(max-width: 684px) 100vw, 684px\" \/>\t\t\t\t\t\t\t\t\t\t\t\t\t\t\t<\/div>\n\t\t\t\t<\/div>\n\t\t\t\t<\/div>\n\t\t\t\t\t<\/div>\n\t\t\t\t<\/div>\n\t\t<div class=\"elementor-element elementor-element-37a3030e e-flex e-con-boxed e-con e-parent\" data-id=\"37a3030e\" data-element_type=\"container\" data-e-type=\"container\" data-settings=\"{&quot;background_background&quot;:&quot;classic&quot;}\">\n\t\t\t\t\t<div class=\"e-con-inner\">\n\t\t<div class=\"elementor-element elementor-element-32869936 e-con-full e-flex e-con e-child\" data-id=\"32869936\" data-element_type=\"container\" data-e-type=\"container\">\n\t\t\t\t<div class=\"elementor-element elementor-element-75eda02 elementor-widget elementor-widget-image\" data-id=\"75eda02\" data-element_type=\"widget\" data-e-type=\"widget\" data-widget_type=\"image.default\">\n\t\t\t\t<div class=\"elementor-widget-container\">\n\t\t\t\t\t\t\t\t\t\t\t\t\t\t\t<img decoding=\"async\" width=\"1024\" height=\"684\" src=\"https:\/\/isrcareers.com\/wp-content\/uploads\/2024\/12\/DSC04232-1024x684.jpg\" class=\"attachment-large size-large wp-image-226\" alt=\"\" srcset=\"https:\/\/isrcareers.com\/wp-content\/uploads\/2024\/12\/DSC04232-1024x684.jpg 1024w, https:\/\/isrcareers.com\/wp-content\/uploads\/2024\/12\/DSC04232-300x200.jpg 300w, https:\/\/isrcareers.com\/wp-content\/uploads\/2024\/12\/DSC04232-768x513.jpg 768w, https:\/\/isrcareers.com\/wp-content\/uploads\/2024\/12\/DSC04232-1536x1026.jpg 1536w, https:\/\/isrcareers.com\/wp-content\/uploads\/2024\/12\/DSC04232.jpg 1980w\" sizes=\"(max-width: 1024px) 100vw, 1024px\" \/>\t\t\t\t\t\t\t\t\t\t\t\t\t\t\t<\/div>\n\t\t\t\t<\/div>\n\t\t\t\t<\/div>\n\t\t<div class=\"elementor-element elementor-element-303603d3 e-con-full e-flex e-con e-child\" data-id=\"303603d3\" data-element_type=\"container\" data-e-type=\"container\">\n\t\t\t\t<div class=\"elementor-element elementor-element-90a2f87 elementor-widget elementor-widget-heading\" data-id=\"90a2f87\" data-element_type=\"widget\" data-e-type=\"widget\" data-widget_type=\"heading.default\">\n\t\t\t\t<div class=\"elementor-widget-container\">\n\t\t\t\t\t<h2 class=\"elementor-heading-title elementor-size-default\">ISR en Cifras<\/h2>\t\t\t\t<\/div>\n\t\t\t\t<\/div>\n\t\t\t\t<div class=\"elementor-element elementor-element-7a993b2c elementor-widget elementor-widget-text-editor\" data-id=\"7a993b2c\" data-element_type=\"widget\" data-e-type=\"widget\" data-widget_type=\"text-editor.default\">\n\t\t\t\t<div class=\"elementor-widget-container\">\n\t\t\t\t\t\t\t\t\t<p>Our team of ISR Instructors provide nearly 2 million one-on-one ISR lessons each year, including ISR-backed lesson scholarships to more than 1,000 children annually, and has been diligently working to reduce childhood drowning since 1966. Backed by a full time, year-round staff, our global team of more than 1,200 Instructors provide unrivaled safe and effective ISR lessons with the robust suite of support systems only ISR can provide. ISR has the technique, support systems, and mission needed to keep little ones safe, but we need you to reach more children than ever before. To better understand the mission and teaching model that drives those results, learn\u00a0<a href=\"https:\/\/isrcareers.com\/es\/what-is-isr\/\" target=\"_blank\" rel=\"noopener\">what ISR is<\/a>.<\/p>\t\t\t\t\t\t\t\t<\/div>\n\t\t\t\t<\/div>\n\t\t\t\t<\/div>\n\t\t\t\t\t<\/div>\n\t\t\t\t<\/div>\n\t\t<div class=\"elementor-element elementor-element-49b4d195 e-flex e-con-boxed e-con e-parent\" data-id=\"49b4d195\" data-element_type=\"container\" data-e-type=\"container\" data-settings=\"{&quot;background_background&quot;:&quot;classic&quot;,&quot;shape_divider_bottom&quot;:&quot;waves&quot;,&quot;shape_divider_bottom_negative&quot;:&quot;yes&quot;}\">\n\t\t\t\t\t<div class=\"e-con-inner\">\n\t\t\t\t<div class=\"elementor-shape elementor-shape-bottom\" aria-hidden=\"true\" data-negative=\"true\">\n\t\t\t<svg xmlns=\"http:\/\/www.w3.org\/2000\/svg\" viewbox=\"0 0 1000 100\" preserveaspectratio=\"none\">\n\t<path class=\"elementor-shape-fill\" d=\"M790.5,93.1c-59.3-5.3-116.8-18-192.6-50c-29.6-12.7-76.9-31-100.5-35.9c-23.6-4.9-52.6-7.8-75.5-5.3\tc-10.2,1.1-22.6,1.4-50.1,7.4c-27.2,6.3-58.2,16.6-79.4,24.7c-41.3,15.9-94.9,21.9-134,22.6C72,58.2,0,25.8,0,25.8V100h1000V65.3\tc0,0-51.5,19.4-106.2,25.7C839.5,97,814.1,95.2,790.5,93.1z\"\/>\n<\/svg>\t\t<\/div>\n\t\t<div class=\"elementor-element elementor-element-541a75ad e-con-full e-flex e-con e-child\" data-id=\"541a75ad\" data-element_type=\"container\" data-e-type=\"container\">\n\t\t\t\t<div class=\"elementor-element elementor-element-5029dc95 elementor-widget elementor-widget-heading\" data-id=\"5029dc95\" data-element_type=\"widget\" data-e-type=\"widget\" data-widget_type=\"heading.default\">\n\t\t\t\t<div class=\"elementor-widget-container\">\n\t\t\t\t\t<h2 class=\"elementor-heading-title elementor-size-default\">\u00bfListo para explorar un negocio de ISR?\u200b<\/h2>\t\t\t\t<\/div>\n\t\t\t\t<\/div>\n\t\t\t\t<div class=\"elementor-element elementor-element-44909b67 elementor-align-center elementor-widget elementor-widget-button\" data-id=\"44909b67\" data-element_type=\"widget\" data-e-type=\"widget\" data-widget_type=\"button.default\">\n\t\t\t\t<div class=\"elementor-widget-container\">\n\t\t\t\t\t\t\t\t\t<div class=\"elementor-button-wrapper\">\n\t\t\t\t\t<a class=\"elementor-button elementor-button-link elementor-size-sm\" href=\"\/es\/getting-started\/\">\n\t\t\t\t\t\t<span class=\"elementor-button-content-wrapper\">\n\t\t\t\t\t\t\t\t\t<span class=\"elementor-button-text\">Comienza ahora<\/span>\n\t\t\t\t\t<\/span>\n\t\t\t\t\t<\/a>\n\t\t\t\t<\/div>\n\t\t\t\t\t\t\t\t<\/div>\n\t\t\t\t<\/div>\n\t\t\t\t<div class=\"elementor-element elementor-element-5a7887e elementor-widget elementor-widget-text-editor\" data-id=\"5a7887e\" data-element_type=\"widget\" data-e-type=\"widget\" data-widget_type=\"text-editor.default\">\n\t\t\t\t<div class=\"elementor-widget-container\">\n\t\t\t\t\t\t\t\t\t<p>Still comparing your next step? Learn&nbsp;<a href=\"https:\/\/isrcareers.com\/es\/what-is-isr\/\" target=\"_blank\">what ISR is<\/a>, explore the&nbsp;<a href=\"https:\/\/isrcareers.com\/es\/business-opportunity\/\" target=\"_blank\">business opportunity<\/a>, or get started today.<\/p>\t\t\t\t\t\t\t\t<\/div>\n\t\t\t\t<\/div>\n\t\t\t\t<\/div>\n\t\t\t\t\t<\/div>\n\t\t\t\t<\/div>\n\t\t\t\t<\/div>","protected":false},"excerpt":{"rendered":"<p>Change Lives Every Day and Start Your Journey Here Explore a Career as an ISR Instructor The path to becoming a Certified ISR Instructor is the unparalleled ISR Instructor Training Program, designed to provide you with the background knowledge, safety standards, and in-water skills to become a safe and effective ISR Instructor and successful business [&hellip;]<\/p>\n","protected":false},"author":1,"featured_media":0,"parent":0,"menu_order":0,"comment_status":"closed","ping_status":"closed","template":"","meta":{"footnotes":""},"class_list":["post-18","page","type-page","status-publish","hentry"],"blocksy_meta":[],"_links":{"self":[{"href":"http:\/\/isrcareers.com\/es\/wp-json\/wp\/v2\/pages\/18","targetHints":{"allow":["GET"]}}],"collection":[{"href":"http:\/\/isrcareers.com\/es\/wp-json\/wp\/v2\/pages"}],"about":[{"href":"http:\/\/isrcareers.com\/es\/wp-json\/wp\/v2\/types\/page"}],"author":[{"embeddable":true,"href":"http:\/\/isrcareers.com\/es\/wp-json\/wp\/v2\/users\/1"}],"replies":[{"embeddable":true,"href":"http:\/\/isrcareers.com\/es\/wp-json\/wp\/v2\/comments?post=18"}],"version-history":[{"count":28,"href":"http:\/\/isrcareers.com\/es\/wp-json\/wp\/v2\/pages\/18\/revisions"}],"predecessor-version":[{"id":632,"href":"http:\/\/isrcareers.com\/es\/wp-json\/wp\/v2\/pages\/18\/revisions\/632"}],"wp:attachment":[{"href":"http:\/\/isrcareers.com\/es\/wp-json\/wp\/v2\/media?parent=18"}],"curies":[{"name":"wp","href":"https:\/\/api.w.org\/{rel}","templated":true}]}}