{"id":14,"date":"2024-12-21T21:05:41","date_gmt":"2024-12-21T21:05:41","guid":{"rendered":"https:\/\/isrcareers.com\/?page_id=14"},"modified":"2026-04-22T20:09:43","modified_gmt":"2026-04-22T20:09:43","slug":"what-is-isr","status":"publish","type":"page","link":"https:\/\/isrcareers.com\/es\/what-is-isr\/","title":{"rendered":"\u00bfQu\u00e9 es ISR?"},"content":{"rendered":"<div data-elementor-type=\"wp-page\" data-elementor-id=\"14\" class=\"elementor elementor-14\">\n\t\t\t\t<div class=\"elementor-element elementor-element-2fe49f71 e-flex e-con-boxed e-con e-parent\" data-id=\"2fe49f71\" data-element_type=\"container\" data-e-type=\"container\" data-settings=\"{&quot;background_background&quot;:&quot;classic&quot;}\">\n\t\t\t\t\t<div class=\"e-con-inner\">\n\t\t<div class=\"elementor-element elementor-element-31d1f2f5 e-con-full e-flex e-con e-child\" data-id=\"31d1f2f5\" data-element_type=\"container\" data-e-type=\"container\">\n\t\t\t\t<div class=\"elementor-element elementor-element-7d413d51 elementor-widget elementor-widget-heading\" data-id=\"7d413d51\" data-element_type=\"widget\" data-e-type=\"widget\" data-widget_type=\"heading.default\">\n\t\t\t\t<div class=\"elementor-widget-container\">\n\t\t\t\t\t<h2 class=\"elementor-heading-title elementor-size-default\">Descubre ISR y genera un impacto que cambia vidas.<\/h2>\t\t\t\t<\/div>\n\t\t\t\t<\/div>\n\t\t\t\t<\/div>\n\t\t\t\t\t<\/div>\n\t\t\t\t<\/div>\n\t\t<div class=\"elementor-element elementor-element-3a38bf1 e-flex e-con-boxed e-con e-parent\" data-id=\"3a38bf1\" data-element_type=\"container\" data-e-type=\"container\">\n\t\t\t\t\t<div class=\"e-con-inner\">\n\t\t\t\t<div class=\"elementor-element elementor-element-9821b1a elementor-widget elementor-widget-shortcode\" data-id=\"9821b1a\" data-element_type=\"widget\" data-e-type=\"widget\" data-widget_type=\"shortcode.default\">\n\t\t\t\t<div class=\"elementor-widget-container\">\n\t\t\t\t\t\t\t<div class=\"elementor-shortcode\"><nav aria-label=\"breadcrumbs\" class=\"rank-math-breadcrumb\"><p><span class=\"last\">Inicio<\/span><\/p><\/nav>\n<\/div>\n\t\t\t\t\t\t<\/div>\n\t\t\t\t<\/div>\n\t\t\t\t\t<\/div>\n\t\t\t\t<\/div>\n\t\t<div class=\"elementor-element elementor-element-ee7b36e e-flex e-con-boxed e-con e-parent\" data-id=\"ee7b36e\" data-element_type=\"container\" data-e-type=\"container\">\n\t\t\t\t\t<div class=\"e-con-inner\">\n\t\t<div class=\"elementor-element elementor-element-741cbb76 e-con-full e-flex e-con e-child\" data-id=\"741cbb76\" data-element_type=\"container\" data-e-type=\"container\">\n\t\t\t\t<div class=\"elementor-element elementor-element-44538f04 elementor-widget elementor-widget-heading\" data-id=\"44538f04\" data-element_type=\"widget\" data-e-type=\"widget\" data-widget_type=\"heading.default\">\n\t\t\t\t<div class=\"elementor-widget-container\">\n\t\t\t\t\t<h2 class=\"elementor-heading-title elementor-size-default\">La diferencia de ISR en la ense\u00f1anza de nataci\u00f3n.<\/h2>\t\t\t\t<\/div>\n\t\t\t\t<\/div>\n\t\t\t\t<div class=\"elementor-element elementor-element-25df5e89 elementor-widget elementor-widget-text-editor\" data-id=\"25df5e89\" data-element_type=\"widget\" data-e-type=\"widget\" data-widget_type=\"text-editor.default\">\n\t\t\t\t<div class=\"elementor-widget-container\">\n\t\t\t\t\t\t\t\t\t<p>Infant Swimming Resource, or ISR, is a method developed beginning in 1966. Since that time, our core conviction has remained the same: a child who reaches the water alone doesn\u2019t have to end in tragedy. Always putting safety first, ISR emphasizes competence, which leads to confidence, and provides the foundation for a lifetime of enjoyment in and around the water. Through highly-customized one-on-one lessons, ISR Instructors work with children ages 6 months-6 years, teaching them the ISR self-rescue skills in a matter of weeks, not years.\u00a0For those who feel aligned with this mission, the\u00a0<a href=\"https:\/\/isrcareers.com\/es\/business-opportunity\/\" target=\"_blank\" rel=\"noopener\">ISR business opportunity<\/a>\u00a0offers a path to build a meaningful, flexible career around teaching these skills.<\/p>\t\t\t\t\t\t\t\t<\/div>\n\t\t\t\t<\/div>\n\t\t\t\t<div class=\"elementor-element elementor-element-8963dbe elementor-widget elementor-widget-image\" data-id=\"8963dbe\" data-element_type=\"widget\" data-e-type=\"widget\" data-widget_type=\"image.default\">\n\t\t\t\t<div class=\"elementor-widget-container\">\n\t\t\t\t\t\t\t\t\t\t\t\t\t\t\t<img fetchpriority=\"high\" decoding=\"async\" width=\"1009\" height=\"249\" src=\"https:\/\/isrcareers.com\/wp-content\/uploads\/2024\/12\/ISR-Vespa-progression-1-1.png\" class=\"attachment-large size-large wp-image-57\" alt=\"\" srcset=\"https:\/\/isrcareers.com\/wp-content\/uploads\/2024\/12\/ISR-Vespa-progression-1-1.png 1009w, https:\/\/isrcareers.com\/wp-content\/uploads\/2024\/12\/ISR-Vespa-progression-1-1-300x74.png 300w, https:\/\/isrcareers.com\/wp-content\/uploads\/2024\/12\/ISR-Vespa-progression-1-1-768x190.png 768w\" sizes=\"(max-width: 1009px) 100vw, 1009px\" \/>\t\t\t\t\t\t\t\t\t\t\t\t\t\t\t<\/div>\n\t\t\t\t<\/div>\n\t\t\t\t<\/div>\n\t\t\t\t\t<\/div>\n\t\t\t\t<\/div>\n\t\t<div class=\"elementor-element elementor-element-36e30a9 e-flex e-con-boxed e-con e-parent\" data-id=\"36e30a9\" data-element_type=\"container\" data-e-type=\"container\" data-settings=\"{&quot;background_background&quot;:&quot;classic&quot;}\">\n\t\t\t\t\t<div class=\"e-con-inner\">\n\t\t<div class=\"elementor-element elementor-element-9121d0c e-con-full e-flex e-con e-child\" data-id=\"9121d0c\" data-element_type=\"container\" data-e-type=\"container\">\n\t\t\t\t<div class=\"elementor-element elementor-element-4f86ae9 elementor-widget elementor-widget-video\" data-id=\"4f86ae9\" data-element_type=\"widget\" data-e-type=\"widget\" data-settings=\"{&quot;video_type&quot;:&quot;vimeo&quot;}\" data-widget_type=\"video.default\">\n\t\t\t\t<div class=\"elementor-widget-container\">\n\t\t\t\t\t\t\t<div class=\"elementor-wrapper elementor-open-inline\">\n\t\t\t<iframe class=\"elementor-video-iframe\" allowfullscreen allow=\"clipboard-write\" title=\"Reproductor de video vimeo\" src=\"https:\/\/player.vimeo.com\/video\/916116436?color&amp;autopause=0&amp;loop=0&amp;muted=0&amp;title=1&amp;portrait=1&amp;byline=1#t=\"><\/iframe>\t\t<\/div>\n\t\t\t\t\t\t<\/div>\n\t\t\t\t<\/div>\n\t\t\t\t<\/div>\n\t\t<div class=\"elementor-element elementor-element-c1da7d7 e-con-full e-flex e-con e-child\" data-id=\"c1da7d7\" data-element_type=\"container\" data-e-type=\"container\">\n\t\t\t\t<div class=\"elementor-element elementor-element-7d16e3e elementor-widget elementor-widget-heading\" data-id=\"7d16e3e\" data-element_type=\"widget\" data-e-type=\"widget\" data-widget_type=\"heading.default\">\n\t\t\t\t<div class=\"elementor-widget-container\">\n\t\t\t\t\t<h2 class=\"elementor-heading-title elementor-size-default\">Regreso a Flotar<\/h2>\t\t\t\t<\/div>\n\t\t\t\t<\/div>\n\t\t\t\t<div class=\"elementor-element elementor-element-d06fcb1 elementor-widget elementor-widget-text-editor\" data-id=\"d06fcb1\" data-element_type=\"widget\" data-e-type=\"widget\" data-widget_type=\"text-editor.default\">\n\t\t\t\t<div class=\"elementor-widget-container\">\n\t\t\t\t\t\t\t\t\t<p>Todos los estudiantes, incluso aquellos tan peque\u00f1os como de 6 meses de edad, aprenden la habilidad fundamental de ISR de girarse sobre sus espaldas para flotar, descansar y respirar. Los beb\u00e9s y ni\u00f1os peque\u00f1os que a\u00fan no caminan bien aprender\u00e1n a mantener esta posici\u00f3n hasta que llegue ayuda, y es igual de importante para nuestros estudiantes mayores a medida que incorporan m\u00e1s habilidades de nataci\u00f3n.<\/p>\t\t\t\t\t\t\t\t<\/div>\n\t\t\t\t<\/div>\n\t\t\t\t<\/div>\n\t\t\t\t\t<\/div>\n\t\t\t\t<\/div>\n\t\t<div class=\"elementor-element elementor-element-968005d e-flex e-con-boxed e-con e-parent\" data-id=\"968005d\" data-element_type=\"container\" data-e-type=\"container\" data-settings=\"{&quot;background_background&quot;:&quot;classic&quot;}\">\n\t\t\t\t\t<div class=\"e-con-inner\">\n\t\t<div class=\"elementor-element elementor-element-1a04d77 e-con-full e-flex e-con e-child\" data-id=\"1a04d77\" data-element_type=\"container\" data-e-type=\"container\">\n\t\t\t\t<div class=\"elementor-element elementor-element-d5c1e0b elementor-widget elementor-widget-heading\" data-id=\"d5c1e0b\" data-element_type=\"widget\" data-e-type=\"widget\" data-widget_type=\"heading.default\">\n\t\t\t\t<div class=\"elementor-widget-container\">\n\t\t\t\t\t<h2 class=\"elementor-heading-title elementor-size-default\">Nadar, Flotar, Nadar<\/h2>\t\t\t\t<\/div>\n\t\t\t\t<\/div>\n\t\t\t\t<div class=\"elementor-element elementor-element-28589fc elementor-widget elementor-widget-text-editor\" data-id=\"28589fc\" data-element_type=\"widget\" data-e-type=\"widget\" data-widget_type=\"text-editor.default\">\n\t\t\t\t<div class=\"elementor-widget-container\">\n\t\t\t\t\t\t\t\t\t<p>A medida que los ni\u00f1os peque\u00f1os desarrollan m\u00e1s habilidades f\u00edsicas en tierra, tambi\u00e9n est\u00e1n listos para aprender m\u00e1s habilidades en el agua. ISR ense\u00f1a a los ni\u00f1os a nadar una corta distancia, girarse sobre su espalda a una posici\u00f3n de flotaci\u00f3n y luego voltearse para continuar la secuencia de nadar y flotar hasta que puedan llegar a un lugar seguro, como los escalones, el borde de la piscina o la orilla.\u00a0<br \/><br \/>Want to understand how instructors learn to teach these skills? Explore\u00a0<a style=\"font-variant-ligatures: inherit; font-variant-caps: inherit;\" href=\"https:\/\/isrcareers.com\/es\/training-details\/\" target=\"_blank\" rel=\"noopener\">ISR Instructor Training.<\/a><\/p>\t\t\t\t\t\t\t\t<\/div>\n\t\t\t\t<\/div>\n\t\t\t\t<\/div>\n\t\t<div class=\"elementor-element elementor-element-7ec4870 e-con-full e-flex e-con e-child\" data-id=\"7ec4870\" data-element_type=\"container\" data-e-type=\"container\">\n\t\t\t\t<div class=\"elementor-element elementor-element-594c8c1 elementor-widget elementor-widget-video\" data-id=\"594c8c1\" data-element_type=\"widget\" data-e-type=\"widget\" data-settings=\"{&quot;video_type&quot;:&quot;vimeo&quot;}\" data-widget_type=\"video.default\">\n\t\t\t\t<div class=\"elementor-widget-container\">\n\t\t\t\t\t\t\t<div class=\"elementor-wrapper elementor-open-inline\">\n\t\t\t<iframe class=\"elementor-video-iframe\" allowfullscreen allow=\"clipboard-write\" title=\"Reproductor de video vimeo\" src=\"https:\/\/player.vimeo.com\/video\/696159379?color&amp;autopause=0&amp;loop=0&amp;muted=0&amp;title=1&amp;portrait=1&amp;byline=1#t=\"><\/iframe>\t\t<\/div>\n\t\t\t\t\t\t<\/div>\n\t\t\t\t<\/div>\n\t\t\t\t<\/div>\n\t\t\t\t\t<\/div>\n\t\t\t\t<\/div>\n\t\t<div class=\"elementor-element elementor-element-2db30246 e-flex e-con-boxed e-con e-parent\" data-id=\"2db30246\" data-element_type=\"container\" data-e-type=\"container\" data-settings=\"{&quot;background_background&quot;:&quot;classic&quot;,&quot;shape_divider_bottom&quot;:&quot;waves&quot;,&quot;shape_divider_bottom_negative&quot;:&quot;yes&quot;}\">\n\t\t\t\t\t<div class=\"e-con-inner\">\n\t\t\t\t<div class=\"elementor-shape elementor-shape-bottom\" aria-hidden=\"true\" data-negative=\"true\">\n\t\t\t<svg xmlns=\"http:\/\/www.w3.org\/2000\/svg\" viewbox=\"0 0 1000 100\" preserveaspectratio=\"none\">\n\t<path class=\"elementor-shape-fill\" d=\"M790.5,93.1c-59.3-5.3-116.8-18-192.6-50c-29.6-12.7-76.9-31-100.5-35.9c-23.6-4.9-52.6-7.8-75.5-5.3\tc-10.2,1.1-22.6,1.4-50.1,7.4c-27.2,6.3-58.2,16.6-79.4,24.7c-41.3,15.9-94.9,21.9-134,22.6C72,58.2,0,25.8,0,25.8V100h1000V65.3\tc0,0-51.5,19.4-106.2,25.7C839.5,97,814.1,95.2,790.5,93.1z\"\/>\n<\/svg>\t\t<\/div>\n\t\t<div class=\"elementor-element elementor-element-1235cee6 e-con-full e-flex e-con e-child\" data-id=\"1235cee6\" data-element_type=\"container\" data-e-type=\"container\">\n\t\t\t\t<div class=\"elementor-element elementor-element-d3a7329 elementor-widget elementor-widget-heading\" data-id=\"d3a7329\" data-element_type=\"widget\" data-e-type=\"widget\" data-widget_type=\"heading.default\">\n\t\t\t\t<div class=\"elementor-widget-container\">\n\t\t\t\t\t<h2 class=\"elementor-heading-title elementor-size-default\">\u00bfListo para explorar un negocio de ISR?\u200b<\/h2>\t\t\t\t<\/div>\n\t\t\t\t<\/div>\n\t\t\t\t<div class=\"elementor-element elementor-element-33336ab1 elementor-align-center elementor-widget elementor-widget-button\" data-id=\"33336ab1\" data-element_type=\"widget\" data-e-type=\"widget\" data-widget_type=\"button.default\">\n\t\t\t\t<div class=\"elementor-widget-container\">\n\t\t\t\t\t\t\t\t\t<div class=\"elementor-button-wrapper\">\n\t\t\t\t\t<a class=\"elementor-button elementor-button-link elementor-size-sm\" href=\"\/es\/getting-started\/\">\n\t\t\t\t\t\t<span class=\"elementor-button-content-wrapper\">\n\t\t\t\t\t\t\t\t\t<span class=\"elementor-button-text\">Comienza ahora<\/span>\n\t\t\t\t\t<\/span>\n\t\t\t\t\t<\/a>\n\t\t\t\t<\/div>\n\t\t\t\t\t\t\t\t<\/div>\n\t\t\t\t<\/div>\n\t\t\t\t<\/div>\n\t\t\t\t<div class=\"elementor-element elementor-element-88967fe elementor-widget elementor-widget-text-editor\" data-id=\"88967fe\" data-element_type=\"widget\" data-e-type=\"widget\" data-widget_type=\"text-editor.default\">\n\t\t\t\t<div class=\"elementor-widget-container\">\n\t\t\t\t\t\t\t\t\t<p>Learn more about the&nbsp;<a href=\"https:\/\/isrcareers.com\/es\/business-opportunity\/\" target=\"_blank\">business opportunity<\/a>&nbsp;or review&nbsp;<a href=\"https:\/\/isrcareers.com\/es\/training-details\/\" target=\"_blank\">training details&nbsp;<\/a>before taking the next step.<\/p>\t\t\t\t\t\t\t\t<\/div>\n\t\t\t\t<\/div>\n\t\t\t\t\t<\/div>\n\t\t\t\t<\/div>\n\t\t\t\t<\/div>","protected":false},"excerpt":{"rendered":"<p>Discover ISR and Make a Life-Changing Impact The ISR Difference in Swim Instruction Infant Swimming Resource, or ISR, is a method developed beginning in 1966. Since that time, our core conviction has remained the same: a child who reaches the water alone doesn\u2019t have to end in tragedy. Always putting safety first, ISR emphasizes competence, [&hellip;]<\/p>\n","protected":false},"author":1,"featured_media":0,"parent":0,"menu_order":0,"comment_status":"closed","ping_status":"closed","template":"","meta":{"footnotes":""},"class_list":["post-14","page","type-page","status-publish","hentry"],"blocksy_meta":[],"_links":{"self":[{"href":"https:\/\/isrcareers.com\/es\/wp-json\/wp\/v2\/pages\/14","targetHints":{"allow":["GET"]}}],"collection":[{"href":"https:\/\/isrcareers.com\/es\/wp-json\/wp\/v2\/pages"}],"about":[{"href":"https:\/\/isrcareers.com\/es\/wp-json\/wp\/v2\/types\/page"}],"author":[{"embeddable":true,"href":"https:\/\/isrcareers.com\/es\/wp-json\/wp\/v2\/users\/1"}],"replies":[{"embeddable":true,"href":"https:\/\/isrcareers.com\/es\/wp-json\/wp\/v2\/comments?post=14"}],"version-history":[{"count":40,"href":"https:\/\/isrcareers.com\/es\/wp-json\/wp\/v2\/pages\/14\/revisions"}],"predecessor-version":[{"id":626,"href":"https:\/\/isrcareers.com\/es\/wp-json\/wp\/v2\/pages\/14\/revisions\/626"}],"wp:attachment":[{"href":"https:\/\/isrcareers.com\/es\/wp-json\/wp\/v2\/media?parent=14"}],"curies":[{"name":"wp","href":"https:\/\/api.w.org\/{rel}","templated":true}]}}