{"id":16,"date":"2024-12-21T21:05:52","date_gmt":"2024-12-21T21:05:52","guid":{"rendered":"https:\/\/isrcareers.com\/?page_id=16"},"modified":"2026-04-03T19:05:41","modified_gmt":"2026-04-03T19:05:41","slug":"business-opportunity","status":"publish","type":"page","link":"https:\/\/isrcareers.com\/es\/business-opportunity\/","title":{"rendered":"Oportunidad de Negocio"},"content":{"rendered":"<div data-elementor-type=\"wp-page\" data-elementor-id=\"16\" class=\"elementor elementor-16\">\n\t\t\t\t<div class=\"elementor-element elementor-element-75e78d6d e-flex e-con-boxed e-con e-parent\" data-id=\"75e78d6d\" data-element_type=\"container\" data-e-type=\"container\" data-settings=\"{&quot;background_background&quot;:&quot;classic&quot;}\">\n\t\t\t\t\t<div class=\"e-con-inner\">\n\t\t<div class=\"elementor-element elementor-element-25e578eb e-con-full e-flex e-con e-child\" data-id=\"25e578eb\" data-element_type=\"container\" data-e-type=\"container\">\n\t\t\t\t<div class=\"elementor-element elementor-element-236d57e5 elementor-widget elementor-widget-heading\" data-id=\"236d57e5\" data-element_type=\"widget\" data-e-type=\"widget\" data-widget_type=\"heading.default\">\n\t\t\t\t<div class=\"elementor-widget-container\">\n\t\t\t\t\t<h2 class=\"elementor-heading-title elementor-size-default\">Hazte due\u00f1o de tu futuro con una oportunidad de negocio inigualable.<\/h2>\t\t\t\t<\/div>\n\t\t\t\t<\/div>\n\t\t\t\t<\/div>\n\t\t\t\t\t<\/div>\n\t\t\t\t<\/div>\n\t\t<div class=\"elementor-element elementor-element-158028d5 e-flex e-con-boxed e-con e-parent\" data-id=\"158028d5\" data-element_type=\"container\" data-e-type=\"container\">\n\t\t\t\t\t<div class=\"e-con-inner\">\n\t\t<div class=\"elementor-element elementor-element-42ea29ee e-con-full e-flex e-con e-child\" data-id=\"42ea29ee\" data-element_type=\"container\" data-e-type=\"container\">\n\t\t\t\t<div class=\"elementor-element elementor-element-1b6bc3b6 elementor-widget elementor-widget-heading\" data-id=\"1b6bc3b6\" data-element_type=\"widget\" data-e-type=\"widget\" data-widget_type=\"heading.default\">\n\t\t\t\t<div class=\"elementor-widget-container\">\n\t\t\t\t\t<h2 class=\"elementor-heading-title elementor-size-default\">Explora tu camino para convertirte en instructor de nataci\u00f3n.<\/h2>\t\t\t\t<\/div>\n\t\t\t\t<\/div>\n\t\t\t\t<div class=\"elementor-element elementor-element-db50f82 elementor-widget elementor-widget-text-editor\" data-id=\"db50f82\" data-element_type=\"widget\" data-e-type=\"widget\" data-widget_type=\"text-editor.default\">\n\t\t\t\t<div class=\"elementor-widget-container\">\n\t\t\t\t\t\t\t\t\t<p>Si est\u00e1s considerando una carrera como instructor de nataci\u00f3n, probablemente te hayas encontrado con opciones que van desde comprar una franquicia hasta adquirir un curso en l\u00ednea que promete que puedes empezar a ense\u00f1ar ma\u00f1ana. ISR se distingue de estos extremos.<\/p>\t\t\t\t\t\t\t\t<\/div>\n\t\t\t\t<\/div>\n\t\t\t\t<\/div>\n\t\t\t\t\t<\/div>\n\t\t\t\t<\/div>\n\t\t<div class=\"elementor-element elementor-element-17327e14 e-flex e-con-boxed e-con e-parent\" data-id=\"17327e14\" data-element_type=\"container\" data-e-type=\"container\" data-settings=\"{&quot;background_background&quot;:&quot;classic&quot;}\">\n\t\t\t\t\t<div class=\"e-con-inner\">\n\t\t\t\t<div class=\"elementor-element elementor-element-9856b85 elementor-widget elementor-widget-image\" data-id=\"9856b85\" data-element_type=\"widget\" data-e-type=\"widget\" data-widget_type=\"image.default\">\n\t\t\t\t<div class=\"elementor-widget-container\">\n\t\t\t\t\t\t\t\t\t\t\t\t\t\t\t<img fetchpriority=\"high\" decoding=\"async\" width=\"1024\" height=\"683\" src=\"https:\/\/isrcareers.com\/wp-content\/uploads\/2024\/12\/1K1A7271-1024x683.jpg\" class=\"attachment-large size-large wp-image-217\" alt=\"\" srcset=\"https:\/\/isrcareers.com\/wp-content\/uploads\/2024\/12\/1K1A7271-1024x683.jpg 1024w, https:\/\/isrcareers.com\/wp-content\/uploads\/2024\/12\/1K1A7271-300x200.jpg 300w, https:\/\/isrcareers.com\/wp-content\/uploads\/2024\/12\/1K1A7271-768x512.jpg 768w, https:\/\/isrcareers.com\/wp-content\/uploads\/2024\/12\/1K1A7271.jpg 1485w\" sizes=\"(max-width: 1024px) 100vw, 1024px\" \/>\t\t\t\t\t\t\t\t\t\t\t\t\t\t\t<\/div>\n\t\t\t\t<\/div>\n\t\t<div class=\"elementor-element elementor-element-2ece12ad e-con-full e-flex e-con e-child\" data-id=\"2ece12ad\" data-element_type=\"container\" data-e-type=\"container\">\n\t\t\t\t<div class=\"elementor-element elementor-element-72262e7c elementor-widget elementor-widget-heading\" data-id=\"72262e7c\" data-element_type=\"widget\" data-e-type=\"widget\" data-widget_type=\"heading.default\">\n\t\t\t\t<div class=\"elementor-widget-container\">\n\t\t\t\t\t<h2 class=\"elementor-heading-title elementor-size-default\">Un l\u00edder en nataci\u00f3n de supervivencia desde la d\u00e9cada de 1960.<\/h2>\t\t\t\t<\/div>\n\t\t\t\t<\/div>\n\t\t\t\t<div class=\"elementor-element elementor-element-3a668e2d elementor-widget elementor-widget-text-editor\" data-id=\"3a668e2d\" data-element_type=\"widget\" data-e-type=\"widget\" data-widget_type=\"text-editor.default\">\n\t\t\t\t<div class=\"elementor-widget-container\">\n\t\t\t\t\t\t\t\t\t<p>ISR fue pionero en la instrucci\u00f3n de nataci\u00f3n de supervivencia para beb\u00e9s y ni\u00f1os peque\u00f1os en la d\u00e9cada de 1960. Durante d\u00e9cadas, los incre\u00edbles resultados de ISR se han logrado de manera consistente al combinar nuestra t\u00e9cnica incomparable con un sistema integral de capacitaci\u00f3n y apoyo. Al asociarnos con personas dedicadas a marcar la diferencia en sus comunidades, hemos ayudado a cada uno de los miembros de nuestro equipo a construir sus propios negocios mientras avanzamos en nuestra misi\u00f3n: Ni un Ni\u00f1o M\u00e1s se Ahoga.<\/p>\t\t\t\t\t\t\t\t<\/div>\n\t\t\t\t<\/div>\n\t\t\t\t<\/div>\n\t\t\t\t\t<\/div>\n\t\t\t\t<\/div>\n\t\t<div class=\"elementor-element elementor-element-4f3f47e5 e-flex e-con-boxed e-con e-parent\" data-id=\"4f3f47e5\" data-element_type=\"container\" data-e-type=\"container\" data-settings=\"{&quot;background_background&quot;:&quot;classic&quot;}\">\n\t\t\t\t\t<div class=\"e-con-inner\">\n\t\t<div class=\"elementor-element elementor-element-3fe7f2f3 e-con-full e-flex e-con e-child\" data-id=\"3fe7f2f3\" data-element_type=\"container\" data-e-type=\"container\">\n\t\t\t\t<div class=\"elementor-element elementor-element-574fa4ec elementor-widget elementor-widget-heading\" data-id=\"574fa4ec\" data-element_type=\"widget\" data-e-type=\"widget\" data-widget_type=\"heading.default\">\n\t\t\t\t<div class=\"elementor-widget-container\">\n\t\t\t\t\t<h2 class=\"elementor-heading-title elementor-size-default\">Independencia con un apoyo inigualable.<\/h2>\t\t\t\t<\/div>\n\t\t\t\t<\/div>\n\t\t\t\t<div class=\"elementor-element elementor-element-1de51393 elementor-widget elementor-widget-text-editor\" data-id=\"1de51393\" data-element_type=\"widget\" data-e-type=\"widget\" data-widget_type=\"text-editor.default\">\n\t\t\t\t<div class=\"elementor-widget-container\">\n\t\t\t\t\t\t\t\t\t<p>Como contratistas independientes, los instructores certificados de ISR disfrutan de una capacitaci\u00f3n y apoyo incomparables mientras construyen negocios flexibles que satisfacen tanto sus necesidades como las de sus comunidades.<\/p>\t\t\t\t\t\t\t\t<\/div>\n\t\t\t\t<\/div>\n\t\t\t\t<\/div>\n\t\t<div class=\"elementor-element elementor-element-89d80c6 e-con-full e-flex e-con e-child\" data-id=\"89d80c6\" data-element_type=\"container\" data-e-type=\"container\">\n\t\t\t\t<div class=\"elementor-element elementor-element-0349061 elementor-widget elementor-widget-video\" data-id=\"0349061\" data-element_type=\"widget\" data-e-type=\"widget\" data-settings=\"{&quot;video_type&quot;:&quot;vimeo&quot;}\" data-widget_type=\"video.default\">\n\t\t\t\t<div class=\"elementor-widget-container\">\n\t\t\t\t\t\t\t<div class=\"elementor-wrapper elementor-open-inline\">\n\t\t\t<iframe class=\"elementor-video-iframe\" allowfullscreen allow=\"clipboard-write\" title=\"vimeo Video Player\" src=\"https:\/\/player.vimeo.com\/video\/1052379245?color&amp;autopause=0&amp;loop=0&amp;muted=0&amp;title=1&amp;portrait=1&amp;byline=1#t=\"><\/iframe>\t\t<\/div>\n\t\t\t\t\t\t<\/div>\n\t\t\t\t<\/div>\n\t\t\t\t<\/div>\n\t\t\t\t\t<\/div>\n\t\t\t\t<\/div>\n\t\t<div class=\"elementor-element elementor-element-bb365ff e-flex e-con-boxed e-con e-parent\" data-id=\"bb365ff\" data-element_type=\"container\" data-e-type=\"container\" data-settings=\"{&quot;background_background&quot;:&quot;classic&quot;}\">\n\t\t\t\t\t<div class=\"e-con-inner\">\n\t\t<div class=\"elementor-element elementor-element-c44b0f9 e-con-full e-flex e-con e-child\" data-id=\"c44b0f9\" data-element_type=\"container\" data-e-type=\"container\">\n\t\t\t\t<div class=\"elementor-element elementor-element-b691760 elementor-widget elementor-widget-image\" data-id=\"b691760\" data-element_type=\"widget\" data-e-type=\"widget\" data-widget_type=\"image.default\">\n\t\t\t\t<div class=\"elementor-widget-container\">\n\t\t\t\t\t\t\t\t\t\t\t\t\t\t\t<img decoding=\"async\" width=\"1024\" height=\"683\" src=\"https:\/\/isrcareers.com\/wp-content\/uploads\/2024\/12\/1K1A6015-1-1024x683.jpg\" class=\"attachment-large size-large wp-image-214\" alt=\"\" srcset=\"https:\/\/isrcareers.com\/wp-content\/uploads\/2024\/12\/1K1A6015-1-1024x683.jpg 1024w, https:\/\/isrcareers.com\/wp-content\/uploads\/2024\/12\/1K1A6015-1-300x200.jpg 300w, https:\/\/isrcareers.com\/wp-content\/uploads\/2024\/12\/1K1A6015-1-768x512.jpg 768w, https:\/\/isrcareers.com\/wp-content\/uploads\/2024\/12\/1K1A6015-1-1536x1025.jpg 1536w, https:\/\/isrcareers.com\/wp-content\/uploads\/2024\/12\/1K1A6015-1.jpg 1940w\" sizes=\"(max-width: 1024px) 100vw, 1024px\" \/>\t\t\t\t\t\t\t\t\t\t\t\t\t\t\t<\/div>\n\t\t\t\t<\/div>\n\t\t\t\t<\/div>\n\t\t<div class=\"elementor-element elementor-element-e732faf e-con-full e-flex e-con e-child\" data-id=\"e732faf\" data-element_type=\"container\" data-e-type=\"container\">\n\t\t\t\t<div class=\"elementor-element elementor-element-a150843 elementor-widget elementor-widget-heading\" data-id=\"a150843\" data-element_type=\"widget\" data-e-type=\"widget\" data-widget_type=\"heading.default\">\n\t\t\t\t<div class=\"elementor-widget-container\">\n\t\t\t\t\t<h2 class=\"elementor-heading-title elementor-size-default\">Una oportunidad de negocio rentable.<\/h2>\t\t\t\t<\/div>\n\t\t\t\t<\/div>\n\t\t\t\t<div class=\"elementor-element elementor-element-982f63b elementor-widget elementor-widget-text-editor\" data-id=\"982f63b\" data-element_type=\"widget\" data-e-type=\"widget\" data-widget_type=\"text-editor.default\">\n\t\t\t\t<div class=\"elementor-widget-container\">\n\t\t\t\t\t\t\t\t\t<div class=\"p-rich_text_section\">El costo para comenzar con ISR est\u00e1 entre los m\u00e1s bajos en el \u00e1mbito de la instrucci\u00f3n de nataci\u00f3n. A diferencia de las franquicias que toman tarifas de lecciones y regal\u00edas, los instructores de ISR:<\/div><ul class=\"p-rich_text_list p-rich_text_list__bullet p-rich_text_list--nested\" data-stringify-type=\"unordered-list\" data-list-tree=\"true\" data-indent=\"0\" data-border=\"0\"><li data-stringify-indent=\"0\" data-stringify-border=\"0\">Set their own prices and schedules<\/li><li data-stringify-indent=\"0\" data-stringify-border=\"0\">Keep all of their lesson tuition<\/li><li data-stringify-indent=\"0\" data-stringify-border=\"0\">Build their businesses their way<\/li><\/ul>\t\t\t\t\t\t\t\t<\/div>\n\t\t\t\t<\/div>\n\t\t\t\t<\/div>\n\t\t\t\t\t<\/div>\n\t\t\t\t<\/div>\n\t\t<div class=\"elementor-element elementor-element-7fa13ae e-flex e-con-boxed e-con e-parent\" data-id=\"7fa13ae\" data-element_type=\"container\" data-e-type=\"container\" data-settings=\"{&quot;background_background&quot;:&quot;classic&quot;}\">\n\t\t\t\t\t<div class=\"e-con-inner\">\n\t\t<div class=\"elementor-element elementor-element-6cb03e0 e-con-full e-flex e-con e-child\" data-id=\"6cb03e0\" data-element_type=\"container\" data-e-type=\"container\">\n\t\t\t\t<div class=\"elementor-element elementor-element-d3db578 elementor-widget elementor-widget-heading\" data-id=\"d3db578\" data-element_type=\"widget\" data-e-type=\"widget\" data-widget_type=\"heading.default\">\n\t\t\t\t<div class=\"elementor-widget-container\">\n\t\t\t\t\t<h2 class=\"elementor-heading-title elementor-size-default\">Respaldado por un equipo de apoyo dedicado.<\/h2>\t\t\t\t<\/div>\n\t\t\t\t<\/div>\n\t\t\t\t<div class=\"elementor-element elementor-element-675515b elementor-widget elementor-widget-text-editor\" data-id=\"675515b\" data-element_type=\"widget\" data-e-type=\"widget\" data-widget_type=\"text-editor.default\">\n\t\t\t\t<div class=\"elementor-widget-container\">\n\t\t\t\t\t\t\t\t\t<p>ISR cuenta con un equipo de revisi\u00f3n m\u00e9dica a tiempo completo y un equipo de apoyo para las lecciones para garantizar que cada lecci\u00f3n sea lo m\u00e1s segura y efectiva posible.<\/p>\t\t\t\t\t\t\t\t<\/div>\n\t\t\t\t<\/div>\n\t\t\t\t<\/div>\n\t\t<div class=\"elementor-element elementor-element-9d30985 e-con-full e-flex e-con e-child\" data-id=\"9d30985\" data-element_type=\"container\" data-e-type=\"container\">\n\t\t\t\t<div class=\"elementor-element elementor-element-2bafb18 elementor-widget elementor-widget-image\" data-id=\"2bafb18\" data-element_type=\"widget\" data-e-type=\"widget\" data-widget_type=\"image.default\">\n\t\t\t\t<div class=\"elementor-widget-container\">\n\t\t\t\t\t\t\t\t\t\t\t\t\t\t\t<img decoding=\"async\" width=\"1024\" height=\"683\" src=\"https:\/\/isrcareers.com\/wp-content\/uploads\/2024\/12\/1K1A6004-1024x683.jpg\" class=\"attachment-large size-large wp-image-216\" alt=\"\" srcset=\"https:\/\/isrcareers.com\/wp-content\/uploads\/2024\/12\/1K1A6004-1024x683.jpg 1024w, https:\/\/isrcareers.com\/wp-content\/uploads\/2024\/12\/1K1A6004-300x200.jpg 300w, https:\/\/isrcareers.com\/wp-content\/uploads\/2024\/12\/1K1A6004-768x512.jpg 768w, https:\/\/isrcareers.com\/wp-content\/uploads\/2024\/12\/1K1A6004-1536x1024.jpg 1536w, https:\/\/isrcareers.com\/wp-content\/uploads\/2024\/12\/1K1A6004.jpg 1980w\" sizes=\"(max-width: 1024px) 100vw, 1024px\" \/>\t\t\t\t\t\t\t\t\t\t\t\t\t\t\t<\/div>\n\t\t\t\t<\/div>\n\t\t\t\t<\/div>\n\t\t\t\t\t<\/div>\n\t\t\t\t<\/div>\n\t\t<div class=\"elementor-element elementor-element-1670476a e-flex e-con-boxed e-con e-parent\" data-id=\"1670476a\" data-element_type=\"container\" data-e-type=\"container\" data-settings=\"{&quot;background_background&quot;:&quot;classic&quot;,&quot;shape_divider_bottom&quot;:&quot;waves&quot;,&quot;shape_divider_bottom_negative&quot;:&quot;yes&quot;}\">\n\t\t\t\t\t<div class=\"e-con-inner\">\n\t\t\t\t<div class=\"elementor-shape elementor-shape-bottom\" aria-hidden=\"true\" data-negative=\"true\">\n\t\t\t<svg xmlns=\"http:\/\/www.w3.org\/2000\/svg\" viewbox=\"0 0 1000 100\" preserveaspectratio=\"none\">\n\t<path class=\"elementor-shape-fill\" d=\"M790.5,93.1c-59.3-5.3-116.8-18-192.6-50c-29.6-12.7-76.9-31-100.5-35.9c-23.6-4.9-52.6-7.8-75.5-5.3\tc-10.2,1.1-22.6,1.4-50.1,7.4c-27.2,6.3-58.2,16.6-79.4,24.7c-41.3,15.9-94.9,21.9-134,22.6C72,58.2,0,25.8,0,25.8V100h1000V65.3\tc0,0-51.5,19.4-106.2,25.7C839.5,97,814.1,95.2,790.5,93.1z\"\/>\n<\/svg>\t\t<\/div>\n\t\t<div class=\"elementor-element elementor-element-58448879 e-con-full e-flex e-con e-child\" data-id=\"58448879\" data-element_type=\"container\" data-e-type=\"container\">\n\t\t\t\t<div class=\"elementor-element elementor-element-630c9a90 elementor-widget elementor-widget-heading\" data-id=\"630c9a90\" data-element_type=\"widget\" data-e-type=\"widget\" data-widget_type=\"heading.default\">\n\t\t\t\t<div class=\"elementor-widget-container\">\n\t\t\t\t\t<h2 class=\"elementor-heading-title elementor-size-default\">\u00bfListo para explorar un negocio de ISR?\u200b<\/h2>\t\t\t\t<\/div>\n\t\t\t\t<\/div>\n\t\t\t\t<div class=\"elementor-element elementor-element-1a8516c5 elementor-align-center elementor-widget elementor-widget-button\" data-id=\"1a8516c5\" data-element_type=\"widget\" data-e-type=\"widget\" data-widget_type=\"button.default\">\n\t\t\t\t<div class=\"elementor-widget-container\">\n\t\t\t\t\t\t\t\t\t<div class=\"elementor-button-wrapper\">\n\t\t\t\t\t<a class=\"elementor-button elementor-button-link elementor-size-sm\" href=\"\/es\/getting-started\/\">\n\t\t\t\t\t\t<span class=\"elementor-button-content-wrapper\">\n\t\t\t\t\t\t\t\t\t<span class=\"elementor-button-text\">Comienza ahora<\/span>\n\t\t\t\t\t<\/span>\n\t\t\t\t\t<\/a>\n\t\t\t\t<\/div>\n\t\t\t\t\t\t\t\t<\/div>\n\t\t\t\t<\/div>\n\t\t\t\t<\/div>\n\t\t\t\t\t<\/div>\n\t\t\t\t<\/div>\n\t\t\t\t<\/div>","protected":false},"excerpt":{"rendered":"<p>Own Your Future with an Unmatched Business Opportunity Explore Your Path to Becoming a Swim Instructor If you\u2019re considering a career as a swim instructor, you\u2019ve likely come across options ranging from purchasing a franchise to buying an online course that claims you can start teaching tomorrow. ISR stands apart from these extremes. A Leader [&hellip;]<\/p>\n","protected":false},"author":1,"featured_media":0,"parent":0,"menu_order":0,"comment_status":"closed","ping_status":"closed","template":"","meta":{"footnotes":""},"class_list":["post-16","page","type-page","status-publish","hentry"],"blocksy_meta":[],"_links":{"self":[{"href":"https:\/\/isrcareers.com\/es\/wp-json\/wp\/v2\/pages\/16","targetHints":{"allow":["GET"]}}],"collection":[{"href":"https:\/\/isrcareers.com\/es\/wp-json\/wp\/v2\/pages"}],"about":[{"href":"https:\/\/isrcareers.com\/es\/wp-json\/wp\/v2\/types\/page"}],"author":[{"embeddable":true,"href":"https:\/\/isrcareers.com\/es\/wp-json\/wp\/v2\/users\/1"}],"replies":[{"embeddable":true,"href":"https:\/\/isrcareers.com\/es\/wp-json\/wp\/v2\/comments?post=16"}],"version-history":[{"count":19,"href":"https:\/\/isrcareers.com\/es\/wp-json\/wp\/v2\/pages\/16\/revisions"}],"predecessor-version":[{"id":383,"href":"https:\/\/isrcareers.com\/es\/wp-json\/wp\/v2\/pages\/16\/revisions\/383"}],"wp:attachment":[{"href":"https:\/\/isrcareers.com\/es\/wp-json\/wp\/v2\/media?parent=16"}],"curies":[{"name":"wp","href":"https:\/\/api.w.org\/{rel}","templated":true}]}}