{"id":314,"date":"2024-12-29T20:27:14","date_gmt":"2024-12-29T20:27:14","guid":{"rendered":"https:\/\/isrcareers.com\/?page_id=314"},"modified":"2024-12-29T23:56:45","modified_gmt":"2024-12-29T23:56:45","slug":"info-thank-you-es","status":"publish","type":"page","link":"https:\/\/isrcareers.com\/es\/info-thank-you-es\/","title":{"rendered":"Info Thank You ES"},"content":{"rendered":"<div data-elementor-type=\"wp-page\" data-elementor-id=\"314\" class=\"elementor elementor-314\">\n\t\t\t\t<div class=\"elementor-element elementor-element-69ef600 e-flex e-con-boxed e-con e-parent\" data-id=\"69ef600\" data-element_type=\"container\" data-e-type=\"container\" data-settings=\"{&quot;background_background&quot;:&quot;classic&quot;}\">\n\t\t\t\t\t<div class=\"e-con-inner\">\n\t\t<div class=\"elementor-element elementor-element-0513803 e-con-full e-flex e-con e-child\" data-id=\"0513803\" data-element_type=\"container\" data-e-type=\"container\">\n\t\t\t\t<div class=\"elementor-element elementor-element-d69cacc elementor-widget elementor-widget-heading\" data-id=\"d69cacc\" data-element_type=\"widget\" data-e-type=\"widget\" data-widget_type=\"heading.default\">\n\t\t\t\t<div class=\"elementor-widget-container\">\n\t\t\t\t\t<h2 class=\"elementor-heading-title elementor-size-default\">\u00a1Prep\u00e1rate!<\/h2>\t\t\t\t<\/div>\n\t\t\t\t<\/div>\n\t\t\t\t<\/div>\n\t\t\t\t\t<\/div>\n\t\t\t\t<\/div>\n\t\t<div class=\"elementor-element elementor-element-b7a86c6 e-flex e-con-boxed e-con e-parent\" data-id=\"b7a86c6\" data-element_type=\"container\" data-e-type=\"container\">\n\t\t\t\t\t<div class=\"e-con-inner\">\n\t\t\t\t<div class=\"elementor-element elementor-element-74806e4 elementor-widget elementor-widget-text-editor\" data-id=\"74806e4\" data-element_type=\"widget\" data-e-type=\"widget\" data-widget_type=\"text-editor.default\">\n\t\t\t\t<div class=\"elementor-widget-container\">\n\t\t\t\t\t\t\t\t\t<p><span style=\"font-family: inherit; font-size: inherit; font-style: inherit; font-variant-ligatures: inherit; font-variant-caps: inherit; font-weight: inherit; text-align: var(--text-align); background-color: var(--theme-palette-color-7); color: var(--theme-text-color); letter-spacing: var(--theme-letter-spacing); text-transform: var(--theme-text-transform);\">Acabamos de enviar un paquete de informaci\u00f3n detallada a tu correo electr\u00f3nico y estamos emocionados de que descubras m\u00e1s sobre el mundo de oportunidades con ISR.<\/span><\/p><p>Tu correo deber\u00eda llegar en los pr\u00f3ximos minutos. Si no ves el mensaje, por favor revisa tu carpeta de spam o correo no deseado y agrega <strong>noreply@infantswim.com<\/strong> a tu lista de remitentes seguros para asegurarte de recibir nuestras comunicaciones.<\/p><p>Siempre puedes contactarnos en <strong><a href=\"mailto:careers@infantswim.com\" rel=\"noopener\">careers@infantswim.com<\/a><\/strong> para obtener ayuda o dar el siguiente paso. \u00a1Gracias por tu inter\u00e9s en ISR!<\/p>\t\t\t\t\t\t\t\t<\/div>\n\t\t\t\t<\/div>\n\t\t\t\t\t<\/div>\n\t\t\t\t<\/div>\n\t\t\t\t<\/div>","protected":false},"excerpt":{"rendered":"<p>\u00a1Prep\u00e1rate! Acabamos de enviar un paquete de informaci\u00f3n detallada a tu correo electr\u00f3nico y estamos emocionados de que descubras m\u00e1s sobre el mundo de oportunidades con ISR. Tu correo deber\u00eda llegar en los pr\u00f3ximos minutos. Si no ves el mensaje, por favor revisa tu carpeta de spam o correo no deseado y agrega noreply@infantswim.com a [&hellip;]<\/p>\n","protected":false},"author":1,"featured_media":0,"parent":0,"menu_order":0,"comment_status":"closed","ping_status":"closed","template":"","meta":{"footnotes":""},"class_list":["post-314","page","type-page","status-publish","hentry"],"blocksy_meta":[],"_links":{"self":[{"href":"https:\/\/isrcareers.com\/es\/wp-json\/wp\/v2\/pages\/314","targetHints":{"allow":["GET"]}}],"collection":[{"href":"https:\/\/isrcareers.com\/es\/wp-json\/wp\/v2\/pages"}],"about":[{"href":"https:\/\/isrcareers.com\/es\/wp-json\/wp\/v2\/types\/page"}],"author":[{"embeddable":true,"href":"https:\/\/isrcareers.com\/es\/wp-json\/wp\/v2\/users\/1"}],"replies":[{"embeddable":true,"href":"https:\/\/isrcareers.com\/es\/wp-json\/wp\/v2\/comments?post=314"}],"version-history":[{"count":10,"href":"https:\/\/isrcareers.com\/es\/wp-json\/wp\/v2\/pages\/314\/revisions"}],"predecessor-version":[{"id":353,"href":"https:\/\/isrcareers.com\/es\/wp-json\/wp\/v2\/pages\/314\/revisions\/353"}],"wp:attachment":[{"href":"https:\/\/isrcareers.com\/es\/wp-json\/wp\/v2\/media?parent=314"}],"curies":[{"name":"wp","href":"https:\/\/api.w.org\/{rel}","templated":true}]}}