{"id":94,"date":"2024-12-27T14:23:53","date_gmt":"2024-12-27T14:23:53","guid":{"rendered":"https:\/\/isrcareers.com\/?page_id=94"},"modified":"2026-04-03T19:08:03","modified_gmt":"2026-04-03T19:08:03","slug":"getting-started","status":"publish","type":"page","link":"https:\/\/isrcareers.com\/es\/getting-started\/","title":{"rendered":"Comenzando"},"content":{"rendered":"<div data-elementor-type=\"wp-page\" data-elementor-id=\"94\" class=\"elementor elementor-94\">\n\t\t\t\t<div class=\"elementor-element elementor-element-353a773 e-flex e-con-boxed e-con e-parent\" data-id=\"353a773\" data-element_type=\"container\" data-e-type=\"container\" data-settings=\"{&quot;background_background&quot;:&quot;classic&quot;}\">\n\t\t\t\t\t<div class=\"e-con-inner\">\n\t\t<div class=\"elementor-element elementor-element-b1e2c81 e-con-full e-flex e-con e-child\" data-id=\"b1e2c81\" data-element_type=\"container\" data-e-type=\"container\">\n\t\t\t\t<div class=\"elementor-element elementor-element-4b4df38 elementor-widget elementor-widget-heading\" data-id=\"4b4df38\" data-element_type=\"widget\" data-e-type=\"widget\" data-widget_type=\"heading.default\">\n\t\t\t\t<div class=\"elementor-widget-container\">\n\t\t\t\t\t<h2 class=\"elementor-heading-title elementor-size-default\">Tu pr\u00f3ximo cap\u00edtulo comienza ahora.\n<\/h2>\t\t\t\t<\/div>\n\t\t\t\t<\/div>\n\t\t\t\t<\/div>\n\t\t\t\t\t<\/div>\n\t\t\t\t<\/div>\n\t\t<div class=\"elementor-element elementor-element-11b81064 e-flex e-con-boxed e-con e-parent\" data-id=\"11b81064\" data-element_type=\"container\" data-e-type=\"container\">\n\t\t\t\t\t<div class=\"e-con-inner\">\n\t\t<div class=\"elementor-element elementor-element-5c1ce03f e-con-full e-flex e-con e-child\" data-id=\"5c1ce03f\" data-element_type=\"container\" data-e-type=\"container\">\n\t\t\t\t<div class=\"elementor-element elementor-element-5e01ad6 elementor-widget elementor-widget-shortcode\" data-id=\"5e01ad6\" data-element_type=\"widget\" data-e-type=\"widget\" data-no-translation=\"\" data-widget_type=\"shortcode.default\">\n\t\t\t\t<div class=\"elementor-widget-container\">\n\t\t\t\t\t<style>.elementor-element-5e01ad6{display:none !important}<\/style>\t\t\t\t<\/div>\n\t\t\t\t<\/div>\n\t\t\t\t<div class=\"elementor-element elementor-element-c2abc24 elementor-widget elementor-widget-shortcode\" data-id=\"c2abc24\" data-element_type=\"widget\" data-e-type=\"widget\" data-no-translation=\"\" data-widget_type=\"shortcode.default\">\n\t\t\t\t<div class=\"elementor-widget-container\">\n\t\t\t\t\t\t\t<div class=\"elementor-shortcode\">    <div x-data=\"{        busy: false,        infoFormBusy: false,        country: '',        name: '',        address: '',        city: '',        state: '',        phone: '',        mainEmail: '',        infoEmail: '',        how_discovered: '',        experience: '',    }\">\n\n                \n        <form id=\"careers_form\" method=\"POST\" class=\"\" action=\"\" @submit.prevent=\"busy = true; submitMainForm();\" data-trp-original-action=\"\">\n  <input type=\"hidden\" id=\"pi_chat_form_nonce\" name=\"pi_chat_form_nonce\" value=\"6962d33c2f\" \/><input type=\"hidden\" name=\"_wp_http_referer\" value=\"\/es\/wp-json\/wp\/v2\/pages\/94\" \/>  <input type=\"hidden\" name=\"pi_chat_form_submit\" value=\"1\">\n  <input type=\"hidden\" name=\"g-recaptcha-response\" id=\"g-recaptcha-response\">\n  <input type=\"hidden\" name=\"lang\" value=\"es\">\n\n  <h2>\u00bfListo para empezar? \u00a1Aplica aqu\u00ed!<\/h2>\n  <p>Por favor env\u00eda la informaci\u00f3n de solicitud a continuaci\u00f3n y un miembro del Equipo de Expansi\u00f3n de ISR se pondr\u00e1 en contacto para programar una conversaci\u00f3n contigo. \u00a1Esperamos conocer m\u00e1s sobre ti y responder tus preguntas sobre la oportunidad de unirte al Equipo ISR!<\/p>\n\n  <div style=\"margin-bottom: 10px;\">\n    <label for=\"name\" style=\"font-weight: bold;\">\n      Nombre\n      <span style=\"color: red;\">*<\/span>\n    <\/label>\n    <input id=\"name\" name=\"name\" type=\"text\" style=\"width: 50%; border:\" x-model=\"name\">\n      <\/div>\n\n  <div class=\"form-row\">\n    <div class=\"form-field\">\n      <label for=\"address\">Direcci\u00f3n\n        <span style=\"color: red;\">*<\/span>\n      <\/label>\n\n      <input id=\"address\" name=\"address\" type=\"text\" x-model=\"address\">\n          <\/div>\n\n    <div class=\"form-field\">\n      <label for=\"city\">Ciudad\n        <span style=\"color: red;\">*<\/span>\n      <\/label>\n\n      <input id=\"city\" name=\"city\" type=\"text\" x-model=\"city\">\n          <\/div>\n\n    <div class=\"form-field\">\n      <label for=\"state\">Estado\n        <span style=\"color: red;\">*<\/span>\n      <\/label>\n      <input id=\"state\" name=\"state\" type=\"text\" x-model=\"state\">\n          <\/div>\n\n    <div class=\"form-field\">\n      <label for=\"country\">Pa\u00eds\n        <span style=\"color: red;\">*<\/span>\n      <\/label>\n      <select name=\"country\" id=\"country\" x-model=\"country\">\n        <option value=\"\">Selecciona un pa\u00eds<\/option>\n        <option value=\"US\">United States<\/option>\n        <option value=\"AF\">Afghanistan<\/option>\n        <option value=\"AL\">Albania<\/option>\n        <option value=\"DZ\">Algeria<\/option>\n        <option value=\"AS\">American Samoa<\/option>\n        <option value=\"AD\">Andorra<\/option>\n        <option value=\"AO\">Angola<\/option>\n        <option value=\"AI\">Anguilla<\/option>\n        <option value=\"AQ\">Antarctica<\/option>\n        <option value=\"AG\">Antigua and Barbuda<\/option>\n        <option value=\"AR\">Argentina<\/option>\n        <option value=\"AM\">Armenia<\/option>\n        <option value=\"AW\">Aruba<\/option>\n        <option value=\"AU\">Australia<\/option>\n        <option value=\"AT\">Austria<\/option>\n        <option value=\"AZ\">Azerbaijan<\/option>\n        <option value=\"BS\">Bahamas<\/option>\n        <option value=\"BH\">Bahrain<\/option>\n        <option value=\"BD\">Bangladesh<\/option>\n        <option value=\"BB\">Barbados<\/option>\n        <option value=\"BY\">Belarus<\/option>\n        <option value=\"BE\">Belgium<\/option>\n        <option value=\"BZ\">Belize<\/option>\n        <option value=\"BJ\">Benin<\/option>\n        <option value=\"BM\">Bermuda<\/option>\n        <option value=\"BT\">Bhutan<\/option>\n        <option value=\"BO\">Bolivia<\/option>\n        <option value=\"BQ\">Bonaire, Sint Eustatius and Saba<\/option>\n        <option value=\"BA\">Bosnia and Herzegovina<\/option>\n        <option value=\"BW\">Botswana<\/option>\n        <option value=\"BV\">Bouvet Island<\/option>\n        <option value=\"BR\">Brazil<\/option>\n        <option value=\"IO\">British Indian Ocean Territory<\/option>\n        <option value=\"BN\">Brunei Darussalam<\/option>\n        <option value=\"BG\">Bulgaria<\/option>\n        <option value=\"BF\">Burkina Faso<\/option>\n        <option value=\"BI\">Burundi<\/option>\n        <option value=\"CV\">Cabo Verde<\/option>\n        <option value=\"KH\">Cambodia<\/option>\n        <option value=\"CM\">Cameroon<\/option>\n        <option value=\"CA\">Canada<\/option>\n        <option value=\"KY\">Cayman Islands<\/option>\n        <option value=\"CF\">Central African Republic<\/option>\n        <option value=\"TD\">Chad<\/option>\n        <option value=\"CL\">Chile<\/option>\n        <option value=\"CN\">China<\/option>\n        <option value=\"CX\">Christmas Island<\/option>\n        <option value=\"CC\">Cocos (Keeling) Islands<\/option>\n        <option value=\"CO\">Colombia<\/option>\n        <option value=\"KM\">Comoros<\/option>\n        <option value=\"CG\">Congo<\/option>\n        <option value=\"CD\">Congo, Democratic Republic of the<\/option>\n        <option value=\"CK\">Cook Islands<\/option>\n        <option value=\"CR\">Costa Rica<\/option>\n        <option value=\"CI\">C\u00f4te d'Ivoire<\/option>\n        <option value=\"HR\">Croatia<\/option>\n        <option value=\"CU\">Cuba<\/option>\n        <option value=\"CW\">Cura\u00e7ao<\/option>\n        <option value=\"CY\">Cyprus<\/option>\n        <option value=\"CZ\">Czechia<\/option>\n        <option value=\"DK\">Denmark<\/option>\n        <option value=\"DJ\">Djibouti<\/option>\n        <option value=\"DM\">Dominica<\/option>\n        <option value=\"DO\">Dominican Republic<\/option>\n        <option value=\"EC\">Ecuador<\/option>\n        <option value=\"EG\">Egypt<\/option>\n        <option value=\"SV\">El Salvador<\/option>\n        <option value=\"GQ\">Equatorial Guinea<\/option>\n        <option value=\"ER\">Eritrea<\/option>\n        <option value=\"EE\">Estonia<\/option>\n        <option value=\"SZ\">Eswatini<\/option>\n        <option value=\"ET\">Ethiopia<\/option>\n        <option value=\"FK\">Falkland Islands (Malvinas)<\/option>\n        <option value=\"FO\">Faroe Islands<\/option>\n        <option value=\"FJ\">Fiji<\/option>\n        <option value=\"FI\">Finland<\/option>\n        <option value=\"FR\">France<\/option>\n        <option value=\"GF\">French Guiana<\/option>\n        <option value=\"PF\">French Polynesia<\/option>\n        <option value=\"TF\">French Southern Territories<\/option>\n        <option value=\"GA\">Gabon<\/option>\n        <option value=\"GM\">Gambia<\/option>\n        <option value=\"GE\">Georgia<\/option>\n        <option value=\"DE\">Germany<\/option>\n        <option value=\"GH\">Ghana<\/option>\n        <option value=\"GI\">Gibraltar<\/option>\n        <option value=\"GR\">Greece<\/option>\n        <option value=\"GL\">Greenland<\/option>\n        <option value=\"GD\">Grenada<\/option>\n        <option value=\"GP\">Guadeloupe<\/option>\n        <option value=\"GU\">Guam<\/option>\n        <option value=\"GT\">Guatemala<\/option>\n        <option value=\"GG\">Guernsey<\/option>\n        <option value=\"GN\">Guinea<\/option>\n        <option value=\"GW\">Guinea-Bissau<\/option>\n        <option value=\"GY\">Guyana<\/option>\n        <option value=\"HT\">Haiti<\/option>\n        <option value=\"HM\">Heard Island and McDonald Islands<\/option>\n        <option value=\"VA\">Holy See<\/option>\n        <option value=\"HN\">Honduras<\/option>\n        <option value=\"HK\">Hong Kong<\/option>\n        <option value=\"HU\">Hungary<\/option>\n        <option value=\"IS\">Iceland<\/option>\n        <option value=\"IN\">India<\/option>\n        <option value=\"ID\">Indonesia<\/option>\n        <option value=\"IR\">Iran<\/option>\n        <option value=\"IQ\">Iraq<\/option>\n        <option value=\"IE\">Ireland<\/option>\n        <option value=\"IM\">Isle of Man<\/option>\n        <option value=\"IL\">Israel<\/option>\n        <option value=\"IT\">Italy<\/option>\n        <option value=\"JM\">Jamaica<\/option>\n        <option value=\"JP\">Japan<\/option>\n        <option value=\"JE\">Jersey<\/option>\n        <option value=\"JO\">Jordan<\/option>\n        <option value=\"KZ\">Kazakhstan<\/option>\n        <option value=\"KE\">Kenya<\/option>\n        <option value=\"KI\">Kiribati<\/option>\n        <option value=\"KP\">Korea (North)<\/option>\n        <option value=\"KR\">Korea (South)<\/option>\n        <option value=\"KW\">Kuwait<\/option>\n        <option value=\"KG\">Kyrgyzstan<\/option>\n        <option value=\"LA\">Laos<\/option>\n        <option value=\"LV\">Latvia<\/option>\n        <option value=\"LB\">Lebanon<\/option>\n        <option value=\"LS\">Lesotho<\/option>\n        <option value=\"LR\">Liberia<\/option>\n        <option value=\"LY\">Libya<\/option>\n        <option value=\"LI\">Liechtenstein<\/option>\n        <option value=\"LT\">Lithuania<\/option>\n        <option value=\"LU\">Luxembourg<\/option>\n        <option value=\"MO\">Macao<\/option>\n        <option value=\"MG\">Madagascar<\/option>\n        <option value=\"MW\">Malawi<\/option>\n        <option value=\"MY\">Malaysia<\/option>\n        <option value=\"MV\">Maldives<\/option>\n        <option value=\"ML\">Mali<\/option>\n        <option value=\"MT\">Malta<\/option>\n        <option value=\"MH\">Marshall Islands<\/option>\n        <option value=\"MQ\">Martinique<\/option>\n        <option value=\"MR\">Mauritania<\/option>\n        <option value=\"MU\">Mauritius<\/option>\n        <option value=\"YT\">Mayotte<\/option>\n        <option value=\"MX\">Mexico<\/option>\n        <option value=\"FM\">Micronesia<\/option>\n        <option value=\"MD\">Moldova<\/option>\n        <option value=\"MC\">Monaco<\/option>\n        <option value=\"MN\">Mongolia<\/option>\n        <option value=\"ME\">Montenegro<\/option>\n        <option value=\"MS\">Montserrat<\/option>\n        <option value=\"MA\">Morocco<\/option>\n        <option value=\"MZ\">Mozambique<\/option>\n        <option value=\"MM\">Myanmar<\/option>\n        <option value=\"NA\">Namibia<\/option>\n        <option value=\"NR\">Nauru<\/option>\n        <option value=\"NP\">Nepal<\/option>\n        <option value=\"NL\">Netherlands<\/option>\n        <option value=\"NC\">New Caledonia<\/option>\n        <option value=\"NZ\">New Zealand<\/option>\n        <option value=\"NI\">Nicaragua<\/option>\n        <option value=\"NE\">Niger<\/option>\n        <option value=\"NG\">Nigeria<\/option>\n        <option value=\"NU\">Niue<\/option>\n        <option value=\"NF\">Norfolk Island<\/option>\n        <option value=\"MK\">North Macedonia<\/option>\n        <option value=\"MP\">Northern Mariana Islands<\/option>\n        <option value=\"NO\">Norway<\/option>\n        <option value=\"OM\">Oman<\/option>\n        <option value=\"PK\">Pakistan<\/option>\n        <option value=\"PW\">Palau<\/option>\n        <option value=\"PS\">Palestine, State of<\/option>\n        <option value=\"PA\">Panama<\/option>\n        <option value=\"PG\">Papua New Guinea<\/option>\n        <option value=\"PY\">Paraguay<\/option>\n        <option value=\"PE\">Peru<\/option>\n        <option value=\"PH\">Philippines<\/option>\n        <option value=\"PN\">Pitcairn<\/option>\n        <option value=\"PL\">Poland<\/option>\n        <option value=\"PT\">Portugal<\/option>\n        <option value=\"PR\">Puerto Rico<\/option>\n        <option value=\"QA\">Qatar<\/option>\n        <option value=\"RE\">R\u00e9union<\/option>\n        <option value=\"RO\">Romania<\/option>\n        <option value=\"RU\">Russian Federation<\/option>\n        <option value=\"RW\">Rwanda<\/option>\n        <option value=\"BL\">Saint Barth\u00e9lemy<\/option>\n        <option value=\"SH\">Saint Helena, Ascension and Tristan da Cunha<\/option>\n        <option value=\"KN\">Saint Kitts and Nevis<\/option>\n        <option value=\"LC\">Saint Lucia<\/option>\n        <option value=\"MF\">Saint Martin (French part)<\/option>\n        <option value=\"PM\">Saint Pierre and Miquelon<\/option>\n        <option value=\"VC\">Saint Vincent and the Grenadines<\/option>\n        <option value=\"WS\">Samoa<\/option>\n        <option value=\"SM\">San Marino<\/option>\n        <option value=\"ST\">Sao Tome and Principe<\/option>\n        <option value=\"SA\">Saudi Arabia<\/option>\n        <option value=\"SN\">Senegal<\/option>\n        <option value=\"RS\">Serbia<\/option>\n        <option value=\"SC\">Seychelles<\/option>\n        <option value=\"SL\">Sierra Leone<\/option>\n        <option value=\"SG\">Singapore<\/option>\n        <option value=\"SX\">Sint Maarten (Dutch part)<\/option>\n        <option value=\"SK\">Slovakia<\/option>\n        <option value=\"SI\">Slovenia<\/option>\n        <option value=\"SB\">Solomon Islands<\/option>\n        <option value=\"SO\">Somalia<\/option>\n        <option value=\"ZA\">South Africa<\/option>\n        <option value=\"GS\">South Georgia and the South Sandwich Islands<\/option>\n        <option value=\"SS\">South Sudan<\/option>\n        <option value=\"ES\">Spain<\/option>\n        <option value=\"LK\">Sri Lanka<\/option>\n        <option value=\"SD\">Sudan<\/option>\n        <option value=\"SR\">Suriname<\/option>\n        <option value=\"SJ\">Svalbard and Jan Mayen<\/option>\n        <option value=\"SE\">Sweden<\/option>\n        <option value=\"CH\">Switzerland<\/option>\n        <option value=\"SY\">Syrian Arab Republic<\/option>\n        <option value=\"TW\">Taiwan<\/option>\n        <option value=\"TJ\">Tajikistan<\/option>\n        <option value=\"TZ\">Tanzania<\/option>\n        <option value=\"TH\">Thailand<\/option>\n        <option value=\"TL\">Timor-Leste<\/option>\n        <option value=\"TG\">Togo<\/option>\n        <option value=\"TK\">Tokelau<\/option>\n        <option value=\"TO\">Tonga<\/option>\n        <option value=\"TT\">Trinidad and Tobago<\/option>\n        <option value=\"TN\">Tunisia<\/option>\n        <option value=\"TR\">Turkey<\/option>\n        <option value=\"TM\">Turkmenistan<\/option>\n        <option value=\"TC\">Turks and Caicos Islands<\/option>\n        <option value=\"TV\">Tuvalu<\/option>\n        <option value=\"UG\">Uganda<\/option>\n        <option value=\"UA\">Ukraine<\/option>\n        <option value=\"AE\">United Arab Emirates<\/option>\n        <option value=\"GB\">United Kingdom<\/option>\n        <option value=\"UM\">United States Minor Outlying Islands<\/option>\n        <option value=\"UY\">Uruguay<\/option>\n        <option value=\"UZ\">Uzbekistan<\/option>\n        <option value=\"VU\">Vanuatu<\/option>\n        <option value=\"VE\">Venezuela<\/option>\n        <option value=\"VN\">Viet Nam<\/option>\n        <option value=\"VG\">Virgin Islands (British)<\/option>\n        <option value=\"VI\">Virgin Islands (U.S.)<\/option>\n        <option value=\"WF\">Wallis and Futuna<\/option>\n        <option value=\"EH\">Western Sahara<\/option>\n        <option value=\"YE\">Yemen<\/option>\n        <option value=\"ZM\">Zambia<\/option>\n        <option value=\"ZW\">Zimbabwe<\/option>\n      <\/select>\n          <\/div>\n  <\/div>\n  <div style=\"margin-bottom: 10px;\">\n    <label for=\"phone\" style=\"font-weight: bold;\">Tel\u00e9fono<\/label>\n    <input id=\"phone\" name=\"phone\" type=\"tel\" style=\"width: 30%;\" x-model=\"phone\">\n  <\/div>\n\n  <div class=\"a11y-h1dd3n\">\n    <label for=\"website\">No llenes esto<\/label>\n    <input type=\"text\" id=\"website\" name=\"website\" autocomplete=\"off\" tabindex=\"-1\">\n  <\/div>\n\n  <div style=\"margin-bottom: 15px;\">\n    <label for=\"email\" style=\"font-weight: bold;\">Correo electr\u00f3nico\n      <span style=\"color: red;\">*<\/span>\n    <\/label>\n    <input id=\"email\" name=\"email\" type=\"email\" style=\"width: 40%;\" x-model=\"mainEmail\">\n      <\/div>\n\n  <div style=\"margin-top: 3px;\">\n    <div>\n      <label for=\"how_discovered\" style=\"font-weight: bold;\">\u00bfC\u00f3mo te enteraste de ISR?\n        <span style=\"color: red;\">*<\/span>\n      <\/label>\n      <textarea id=\"how_discovered\" name=\"how_discovered\" rows=\"4\" type=\"how_discovered\" x-model=\"how_discovered\"><\/textarea>\n    <\/div>\n      <\/div>\n\n  <div style=\"margin-top: 10px;\">\n    <div>\n      <label for=\"experience\" style=\"font-weight: bold;\">Por favor, cu\u00e9ntanos sobre cualquier experiencia que creas que podr\u00eda servirte como Instructor de ISR<\/label>\n      <textarea id=\"experience\" name=\"experience\" rows=\"4\" x-model=\"experience\"><\/textarea>\n    <\/div>\n      <\/div>\n  <div style=\"margin-top: 20px;\">\n    <button\n      type=\"submit\"\n      :disabled=\"busy\"\n      :class=\"{ 'opacity-50 cursor-not-allowed': busy }\"\n      style=\"color: white; background-color: green; padding: 8px; border-radius: 3px;\"\n      x-text=\"busy ? 'Enviando...' : 'Enviar'\"><\/button>\n  <\/div>\n<input type=\"hidden\" name=\"trp-form-language\" value=\"es\"\/><\/form>\n\n<h4 style=\"margin-top: 30px;\">\u00bfNecesitas algo m\u00e1s?<\/h4>\n<p><a href=\"https:\/\/www.infantswim.com\/about-isr\/contact-us.html\" style=\"color: blue;\" target=\"_blank\" rel=\"noopener\">Por favor haz clic aqu\u00ed.<\/a><\/p>\n    <\/div>\n\n          <style>\n        .form-row {\n          display: flex;\n          flex-direction: column;\n          margin-bottom: 15px;\n          column-gap: 5px;\n        }\n        .form-field {\n          display: flex;\n          flex-direction: column;\n          margin-bottom: 10px;\n        }\n        .form-field label {\n          font-weight: bold;\n          margin-bottom: 5px;\n        }\n        .form-field input,\n        .form-field select {\n          width: 100%;\n          padding: 5px;\n        }\n        .error {\n          color: red;\n          font-size: 0.9em;\n          margin-top: 5px;\n        }\n        @media (min-width: 768px) {\n          .form-row {\n            flex-direction: row;\n            justify-content: space-between;\n          }\n          .form-field {\n            width: 32%; \/* Adjust as needed, leaving some space between fields *\/\n          }\n        }\n\n        .spinner-overlay {\n          position: fixed;\n          top: 0;\n          right: 0;\n          bottom: 0;\n          left: 0;\n          z-index: 50;\n          display: flex;\n          align-items: center;\n          justify-content: center;\n          background-color: rgba(17, 24, 39, 0.5); \/* This is an approximate for bg-gray-900 with 50% opacity *\/\n        }\n\n        .spinner {\n          height: 5rem; \/* h-20 *\/\n          width: 5rem; \/* w-20 *\/\n          color: white;\n          animation: spin 1s linear infinite;\n        }\n\n        .spinner-circle {\n          opacity: 0.25;\n        }\n\n        .spinner-path {\n          opacity: 0.75;\n        }\n\n        .submit-button {\n          margin-top: 1rem;\n          padding: 0.5rem 1rem;\n          background-color: #3b82f6;\n          color: white;\n          border-radius: 0.25rem;\n          transition: opacity 300ms ease-in-out;\n        }\n\n        .submit-button:disabled {\n          cursor: not-allowed;\n        }\n\n        @keyframes spin {\n          from {\n            transform: rotate(0deg);\n          }\n          to {\n            transform: rotate(360deg);\n          }\n        }\n        .a11y-h1dd3n {\n            position: absolute !important;\n            width: 1px !important;\n            height: 1px !important;\n            padding: 0 !important;\n            margin: -1px !important;\n            overflow: hidden !important;\n            clip: rect(0,0,0,0) !important;\n            white-space: nowrap !important;\n            border: 0 !important;\n        }\n\n        input:focus {\n            border-color: gray;\n        }\n\n      <\/style>\n\n    <script>\n        function submitMainForm() {\n            grecaptcha.ready(() => {\n                grecaptcha.execute('6LdEIEAqAAAAAInzIknt1gn_pST08MVemaLrtnxk', {\n                    action: 'submit'\n                }).then((token) => {\n                    document.getElementById('g-recaptcha-response').value = token;\n                    document.getElementById('careers_form').submit();\n                });\n            });\n        }\n\n\n        function submitInfoForm() {\n            grecaptcha.ready(() => {\n                grecaptcha.execute('6LdEIEAqAAAAAInzIknt1gn_pST08MVemaLrtnxk', {\n                    action: 'submit'\n                }).then((token) => {\n                    document.getElementById('info-g-recaptcha-response').value = token;\n                    document.getElementById('info_request_form').submit();\n                });\n            });\n        }\n    <\/script>\n<\/div>\n\t\t\t\t\t\t<\/div>\n\t\t\t\t<\/div>\n\t\t\t\t<\/div>\n\t\t\t\t\t<\/div>\n\t\t\t\t<\/div>\n\t\t\t\t<\/div>","protected":false},"excerpt":{"rendered":"<p>Tu pr\u00f3ximo cap\u00edtulo comienza ahora.<\/p>","protected":false},"author":1,"featured_media":0,"parent":0,"menu_order":0,"comment_status":"closed","ping_status":"closed","template":"","meta":{"footnotes":""},"class_list":["post-94","page","type-page","status-publish","hentry"],"blocksy_meta":[],"_links":{"self":[{"href":"https:\/\/isrcareers.com\/es\/wp-json\/wp\/v2\/pages\/94","targetHints":{"allow":["GET"]}}],"collection":[{"href":"https:\/\/isrcareers.com\/es\/wp-json\/wp\/v2\/pages"}],"about":[{"href":"https:\/\/isrcareers.com\/es\/wp-json\/wp\/v2\/types\/page"}],"author":[{"embeddable":true,"href":"https:\/\/isrcareers.com\/es\/wp-json\/wp\/v2\/users\/1"}],"replies":[{"embeddable":true,"href":"https:\/\/isrcareers.com\/es\/wp-json\/wp\/v2\/comments?post=94"}],"version-history":[{"count":56,"href":"https:\/\/isrcareers.com\/es\/wp-json\/wp\/v2\/pages\/94\/revisions"}],"predecessor-version":[{"id":581,"href":"https:\/\/isrcareers.com\/es\/wp-json\/wp\/v2\/pages\/94\/revisions\/581"}],"wp:attachment":[{"href":"https:\/\/isrcareers.com\/es\/wp-json\/wp\/v2\/media?parent=94"}],"curies":[{"name":"wp","href":"https:\/\/api.w.org\/{rel}","templated":true}]}}